{"id":260,"date":"2026-03-03T14:38:08","date_gmt":"2026-03-03T13:38:08","guid":{"rendered":"https:\/\/atelierkaymak.de\/wp\/?page_id=260"},"modified":"2026-03-17T11:46:22","modified_gmt":"2026-03-17T10:46:22","slug":"buecher","status":"publish","type":"page","link":"https:\/\/atelierkaymak.de\/wp\/buecher\/","title":{"rendered":"B\u00fccher"},"content":{"rendered":"      <div id=\"post-grid-lazy-399\" class=\"post-grid-lazy\"><img decoding=\"async\" alt=\"\" src=\"\" \/><\/div>\n    <script>\n      jQuery('#post-grid-lazy-399').ready(function($) {\n        $('#post-grid-lazy-399').fadeOut();\n        $('#post-grid-399   ').fadeIn();\n      })\n    <\/script>\n    <style type=\"text\/css\">\n      #post-grid-399 {\n        display: none;\n      }\n\n      .post-grid-lazy {\n        text-align: center;\n      }\n    <\/style>\n    <div data-options='{&quot;id&quot;:&quot;399&quot;,&quot;lazy_load&quot;:&quot;yes&quot;,&quot;masonry_enable&quot;:&quot;no&quot;,&quot;view_type&quot;:&quot;masonry&quot;}' id=\"post-grid-399\" class=\"post-grid masonry\">\n    \n\n\n    <div class=\"grid-items\">\n      <div class=\"item item-555 skin flat even 0 \">\n        <div class=\"layer-wrapper layout-\">\n        <div class=\"layer-media\"><\/div>\n  <div class=\"layer-content\">\n        <div\r\n        class=\"element element_0  element-media \">\r\n        <a target=\"_self\" href=\"https:\/\/atelierkaymak.de\/wp\/buch\/cats-look-me-in-the-eyes\/\"><img loading=\"lazy\" decoding=\"async\" width=\"774\" height=\"1024\" src=\"https:\/\/atelierkaymak.de\/wp\/wp-content\/uploads\/2026\/03\/CATS-en-book-774x1024.webp\" class=\"attachment-large size-large wp-post-image\" alt=\"\" \/><\/a>    <\/div>\r\n    <div class=\"element element_1  title_link \">\r\n                    <a target=\"\"\r\n                href=\"https:\/\/atelierkaymak.de\/wp\/buch\/cats-look-me-in-the-eyes\/\">Cats Look Me in the Eyes&#8230;<\/a>\r\n            <\/div>\r\n    <div class=\"element element_2  excerpt \">\r\n        The Entire Family of Predator Cats Finally \u2014 an evolution book that doesn\u2019t just inform, but truly moves you. With            <\/div>\r\n            <a class=\"element element_3  read_more \"\r\n            target=\"\"\r\n            href=\"https:\/\/atelierkaymak.de\/wp\/buch\/cats-look-me-in-the-eyes\/\"><\/a>\r\n      <\/div>\n    <\/div>\n  <\/div><div class=\"item item-543 skin flat odd 1 \">\n        <div class=\"layer-wrapper layout-\">\n        <div class=\"layer-media\"><\/div>\n  <div class=\"layer-content\">\n        <div\r\n        class=\"element element_0  element-media \">\r\n        <a target=\"_self\" href=\"https:\/\/atelierkaymak.de\/wp\/buch\/sauros-regidores-en-la-era-de-los-reptiles-antartida-%c2%b7-australia-%c2%b7-india-%c2%b7-madagascar\/\"><img loading=\"lazy\" decoding=\"async\" width=\"456\" height=\"665\" src=\"https:\/\/atelierkaymak.de\/wp\/wp-content\/uploads\/2026\/03\/Sauros-book-es.png\" class=\"attachment-large size-large wp-post-image\" alt=\"\" \/><\/a>    <\/div>\r\n    <div class=\"element element_1  title_link \">\r\n                    <a target=\"\"\r\n                href=\"https:\/\/atelierkaymak.de\/wp\/buch\/sauros-regidores-en-la-era-de-los-reptiles-antartida-%c2%b7-australia-%c2%b7-india-%c2%b7-madagascar\/\">SAUROS \u2013 Regidores en la era de los reptiles Ant\u00e1rtida \u00b7 Australia \u00b7 India \u00b7 Madagascar<\/a>\r\n            <\/div>\r\n    <div class=\"element element_2  excerpt \">\r\n        El compendio vivo del mundo dinosaurio del sur Imagina esto: Nada de fragmentos \u00f3seos est\u00e9riles, nada de moldes de yeso            <\/div>\r\n            <a class=\"element element_3  read_more \"\r\n            target=\"\"\r\n            href=\"https:\/\/atelierkaymak.de\/wp\/buch\/sauros-regidores-en-la-era-de-los-reptiles-antartida-%c2%b7-australia-%c2%b7-india-%c2%b7-madagascar\/\"><\/a>\r\n      <\/div>\n    <\/div>\n  <\/div><div class=\"item item-531 skin flat even 2 \">\n        <div class=\"layer-wrapper layout-\">\n        <div class=\"layer-media\"><\/div>\n  <div class=\"layer-content\">\n        <div\r\n        class=\"element element_0  element-media \">\r\n        <a target=\"_self\" href=\"https:\/\/atelierkaymak.de\/wp\/buch\/sauros-rulers-in-the-age-of-reptiles-antarctica-%c2%b7-australia-%c2%b7-india-%c2%b7-madagascar\/\"><img loading=\"lazy\" decoding=\"async\" width=\"457\" height=\"667\" src=\"https:\/\/atelierkaymak.de\/wp\/wp-content\/uploads\/2026\/03\/Sauros-book-en.png\" class=\"attachment-large size-large wp-post-image\" alt=\"\" \/><\/a>    <\/div>\r\n    <div class=\"element element_1  title_link \">\r\n                    <a target=\"\"\r\n                href=\"https:\/\/atelierkaymak.de\/wp\/buch\/sauros-rulers-in-the-age-of-reptiles-antarctica-%c2%b7-australia-%c2%b7-india-%c2%b7-madagascar\/\">SAUROS \u2013 Rulers in the Age of Reptiles Antarctica \u00b7 Australia \u00b7 India \u00b7 Madagascar<\/a>\r\n            <\/div>\r\n    <div class=\"element element_2  excerpt \">\r\n        The Living Compendium of the Southern Dinosaur World Imagine this: No sterile bone fragments, no grey plaster casts \u2013&nbsp;and certainly            <\/div>\r\n            <a class=\"element element_3  read_more \"\r\n            target=\"\"\r\n            href=\"https:\/\/atelierkaymak.de\/wp\/buch\/sauros-rulers-in-the-age-of-reptiles-antarctica-%c2%b7-australia-%c2%b7-india-%c2%b7-madagascar\/\"><\/a>\r\n      <\/div>\n    <\/div>\n  <\/div><div class=\"item item-518 skin flat odd 3 \">\n        <div class=\"layer-wrapper layout-\">\n        <div class=\"layer-media\"><\/div>\n  <div class=\"layer-content\">\n        <div\r\n        class=\"element element_0  element-media \">\r\n        <a target=\"_self\" href=\"https:\/\/atelierkaymak.de\/wp\/buch\/sauros-herrscher-im-zeitalter-der-reptilien-antarktis-%c2%b7-australien-%c2%b7-indien-%c2%b7-madagaskar\/\"><img loading=\"lazy\" decoding=\"async\" width=\"457\" height=\"667\" src=\"https:\/\/atelierkaymak.de\/wp\/wp-content\/uploads\/2026\/03\/Sauros-book-de.png\" class=\"attachment-large size-large wp-post-image\" alt=\"\" \/><\/a>    <\/div>\r\n    <div class=\"element element_1  title_link \">\r\n                    <a target=\"\"\r\n                href=\"https:\/\/atelierkaymak.de\/wp\/buch\/sauros-herrscher-im-zeitalter-der-reptilien-antarktis-%c2%b7-australien-%c2%b7-indien-%c2%b7-madagaskar\/\">SAUROS \u2013 Herrscher im Zeitalter der Reptilien Antarktis \u00b7 Australien \u00b7 Indien \u00b7 Madagaskar<\/a>\r\n            <\/div>\r\n    <div class=\"element element_2  excerpt \">\r\n        Das lebendige Kompendium der s\u00fcdlichen Dinosaurierwelt Stellen Sie sich vor: Keine sterilen Knochenfragmente, keine grauen Fossilabg\u00fcsse \u2013 und&nbsp;auch keine KI-generierten            <\/div>\r\n            <a class=\"element element_3  read_more \"\r\n            target=\"\"\r\n            href=\"https:\/\/atelierkaymak.de\/wp\/buch\/sauros-herrscher-im-zeitalter-der-reptilien-antarktis-%c2%b7-australien-%c2%b7-indien-%c2%b7-madagaskar\/\"><\/a>\r\n      <\/div>\n    <\/div>\n  <\/div><div class=\"item item-490 skin flat even 4 \">\n        <div class=\"layer-wrapper layout-\">\n        <div class=\"layer-media\"><\/div>\n  <div class=\"layer-content\">\n        <div\r\n        class=\"element element_0  element-media \">\r\n        <a target=\"_self\" href=\"https:\/\/atelierkaymak.de\/wp\/buch\/fetter-fisch-die-komplette-trilogie-opus-fett-geld-regiert-die-welt-exit-aus-dem-bauchfettland\/\"><img loading=\"lazy\" decoding=\"async\" width=\"539\" height=\"843\" src=\"https:\/\/atelierkaymak.de\/wp\/wp-content\/uploads\/2026\/03\/FetterFischAntholgie-Book.png\" class=\"attachment-large size-large wp-post-image\" alt=\"\" \/><\/a>    <\/div>\r\n    <div class=\"element element_1  title_link \">\r\n                    <a target=\"\"\r\n                href=\"https:\/\/atelierkaymak.de\/wp\/buch\/fetter-fisch-die-komplette-trilogie-opus-fett-geld-regiert-die-welt-exit-aus-dem-bauchfettland\/\">Fetter Fisch \u2013 Die komplette Trilogie: OPUS FETT | Geld regiert die Welt | EXIT aus dem Bauchfettland<\/a>\r\n            <\/div>\r\n    <div class=\"element element_2  excerpt \">\r\n        Die Anthologie: Eine satirische Unterwasser-Revolution in drei Akten Die Fische haben gesprochen \u2013 und sie sind ** stocksauer**.In dieser geb\u00fcndelten            <\/div>\r\n            <a class=\"element element_3  read_more \"\r\n            target=\"\"\r\n            href=\"https:\/\/atelierkaymak.de\/wp\/buch\/fetter-fisch-die-komplette-trilogie-opus-fett-geld-regiert-die-welt-exit-aus-dem-bauchfettland\/\"><\/a>\r\n      <\/div>\n    <\/div>\n  <\/div><div class=\"item item-479 skin flat odd 5 \">\n        <div class=\"layer-wrapper layout-\">\n        <div class=\"layer-media\"><\/div>\n  <div class=\"layer-content\">\n        <div\r\n        class=\"element element_0  element-media \">\r\n        <a target=\"_self\" href=\"https:\/\/atelierkaymak.de\/wp\/buch\/fetter-fisch-3-exit-aus-dem-bauchfettland\/\"><img loading=\"lazy\" decoding=\"async\" width=\"840\" height=\"1024\" src=\"https:\/\/atelierkaymak.de\/wp\/wp-content\/uploads\/2026\/03\/FetterFisch3-840x1024.webp\" class=\"attachment-large size-large wp-post-image\" alt=\"\" \/><\/a>    <\/div>\r\n    <div class=\"element element_1  title_link \">\r\n                    <a target=\"\"\r\n                href=\"https:\/\/atelierkaymak.de\/wp\/buch\/fetter-fisch-3-exit-aus-dem-bauchfettland\/\">Fetter Fisch 3: EXIT aus dem Bauchfettland<\/a>\r\n            <\/div>\r\n    <div class=\"element element_2  excerpt \">\r\n        \u2013 oder: Warum dein K\u00f6rper kein Fisch-\u00d6l-Tankstellen-Kunde sein muss, sondern endlich die echte Freiheit w\u00e4hlt Die Fische haben ihren finalen            <\/div>\r\n            <a class=\"element element_3  read_more \"\r\n            target=\"\"\r\n            href=\"https:\/\/atelierkaymak.de\/wp\/buch\/fetter-fisch-3-exit-aus-dem-bauchfettland\/\"><\/a>\r\n      <\/div>\n    <\/div>\n  <\/div><div class=\"item item-477 skin flat even 6 \">\n        <div class=\"layer-wrapper layout-\">\n        <div class=\"layer-media\"><\/div>\n  <div class=\"layer-content\">\n        <div\r\n        class=\"element element_0  element-media \">\r\n        <a target=\"_self\" href=\"https:\/\/atelierkaymak.de\/wp\/buch\/fetter-fisch-2-geld-regiert-die-welt\/\"><img loading=\"lazy\" decoding=\"async\" width=\"840\" height=\"1024\" src=\"https:\/\/atelierkaymak.de\/wp\/wp-content\/uploads\/2026\/03\/FetterFisch2-840x1024.webp\" class=\"attachment-large size-large wp-post-image\" alt=\"\" \/><\/a>    <\/div>\r\n    <div class=\"element element_1  title_link \">\r\n                    <a target=\"\"\r\n                href=\"https:\/\/atelierkaymak.de\/wp\/buch\/fetter-fisch-2-geld-regiert-die-welt\/\">Fetter Fisch 2: Geld regiert die Welt<\/a>\r\n            <\/div>\r\n    <div class=\"element element_2  excerpt \">\r\n        \u2013 oder: Wie Primaten f\u00fcr ein paar Gramm Fischfett zum willenlosen Zahlvieh wurden Die Fische haben wieder das Wort \u2013            <\/div>\r\n            <a class=\"element element_3  read_more \"\r\n            target=\"\"\r\n            href=\"https:\/\/atelierkaymak.de\/wp\/buch\/fetter-fisch-2-geld-regiert-die-welt\/\"><\/a>\r\n      <\/div>\n    <\/div>\n  <\/div><div class=\"item item-476 skin flat odd 7 \">\n        <div class=\"layer-wrapper layout-\">\n        <div class=\"layer-media\"><\/div>\n  <div class=\"layer-content\">\n        <div\r\n        class=\"element element_0  element-media \">\r\n        <a target=\"_self\" href=\"https:\/\/atelierkaymak.de\/wp\/buch\/fetter-fisch-1-opus-fett-die-wahre-schoepfung\/\"><img loading=\"lazy\" decoding=\"async\" width=\"840\" height=\"1024\" src=\"https:\/\/atelierkaymak.de\/wp\/wp-content\/uploads\/2026\/03\/FetterFisch1-840x1024.webp\" class=\"attachment-large size-large wp-post-image\" alt=\"\" \/><\/a>    <\/div>\r\n    <div class=\"element element_1  title_link \">\r\n                    <a target=\"\"\r\n                href=\"https:\/\/atelierkaymak.de\/wp\/buch\/fetter-fisch-1-opus-fett-die-wahre-schoepfung\/\">Fetter Fisch 1: OPUS FETT \u2013 die Wa(h)re Sch\u00f6pfung<\/a>\r\n            <\/div>\r\n    <div class=\"element element_2  excerpt \">\r\n        Dieses Buch ist eine brillante, provokante und vor allem urkomische Kampfansage an den globalen Fischwahn \u2013 verpackt als satirische Abrechnung,            <\/div>\r\n            <a class=\"element element_3  read_more \"\r\n            target=\"\"\r\n            href=\"https:\/\/atelierkaymak.de\/wp\/buch\/fetter-fisch-1-opus-fett-die-wahre-schoepfung\/\"><\/a>\r\n      <\/div>\n    <\/div>\n  <\/div><div class=\"item item-472 skin flat even 8 \">\n        <div class=\"layer-wrapper layout-\">\n        <div class=\"layer-media\"><\/div>\n  <div class=\"layer-content\">\n        <div\r\n        class=\"element element_0  element-media \">\r\n        <a target=\"_self\" href=\"https:\/\/atelierkaymak.de\/wp\/buch\/die-heinzelmaennchen-zu-koeln\/\"><img loading=\"lazy\" decoding=\"async\" width=\"496\" height=\"778\" src=\"https:\/\/atelierkaymak.de\/wp\/wp-content\/uploads\/2026\/03\/Heinzel-front-de.webp\" class=\"attachment-large size-large wp-post-image\" alt=\"\" \/><\/a>    <\/div>\r\n    <div class=\"element element_1  title_link \">\r\n                    <a target=\"\"\r\n                href=\"https:\/\/atelierkaymak.de\/wp\/buch\/die-heinzelmaennchen-zu-koeln\/\">Die Heinzelm\u00e4nnchen zu K\u00f6ln<\/a>\r\n            <\/div>\r\n    <div class=\"element element_2  excerpt \">\r\n        Die wahre, unverf\u00e4lschte Geschichte \u2013 komplett ohne KI, rein aus der Zeit vor 200 Jahren Stell dir vor, du wachst            <\/div>\r\n            <a class=\"element element_3  read_more \"\r\n            target=\"\"\r\n            href=\"https:\/\/atelierkaymak.de\/wp\/buch\/die-heinzelmaennchen-zu-koeln\/\"><\/a>\r\n      <\/div>\n    <\/div>\n  <\/div><div class=\"item item-462 skin flat odd 9 \">\n        <div class=\"layer-wrapper layout-\">\n        <div class=\"layer-media\"><\/div>\n  <div class=\"layer-content\">\n        <div\r\n        class=\"element element_0  element-media \">\r\n        <a target=\"_self\" href=\"https:\/\/atelierkaymak.de\/wp\/buch\/the-brownies-of-cologne-cultural-treasures-of-the-world\/\"><img loading=\"lazy\" decoding=\"async\" width=\"602\" height=\"772\" src=\"https:\/\/atelierkaymak.de\/wp\/wp-content\/uploads\/2026\/03\/Heinzel-eBook-front-en.webp\" class=\"attachment-large size-large wp-post-image\" alt=\"\" \/><\/a>    <\/div>\r\n    <div class=\"element element_1  title_link \">\r\n                    <a target=\"\"\r\n                href=\"https:\/\/atelierkaymak.de\/wp\/buch\/the-brownies-of-cologne-cultural-treasures-of-the-world\/\">The Brownies of Cologne: Cultural treasures of the world<\/a>\r\n            <\/div>\r\n    <div class=\"element element_2  excerpt \">\r\n        The true, untouched story \u2013 completely handmade, 100% pre-AI, straight from nearly 200 years ago Everyone knows the most famous            <\/div>\r\n            <a class=\"element element_3  read_more \"\r\n            target=\"\"\r\n            href=\"https:\/\/atelierkaymak.de\/wp\/buch\/the-brownies-of-cologne-cultural-treasures-of-the-world\/\"><\/a>\r\n      <\/div>\n    <\/div>\n  <\/div><div class=\"item item-453 skin flat even 10 \">\n        <div class=\"layer-wrapper layout-\">\n        <div class=\"layer-media\"><\/div>\n  <div class=\"layer-content\">\n        <div\r\n        class=\"element element_0  element-media \">\r\n        <a target=\"_self\" href=\"https:\/\/atelierkaymak.de\/wp\/buch\/leo-the-ultimate-encyclopedia-of-the-king-of-beasts\/\"><img loading=\"lazy\" decoding=\"async\" width=\"420\" height=\"800\" src=\"https:\/\/atelierkaymak.de\/wp\/wp-content\/uploads\/2026\/03\/Leo-3d-EN.webp\" class=\"attachment-large size-large wp-post-image\" alt=\"\" \/><\/a>    <\/div>\r\n    <div class=\"element element_1  title_link \">\r\n                    <a target=\"\"\r\n                href=\"https:\/\/atelierkaymak.de\/wp\/buch\/leo-the-ultimate-encyclopedia-of-the-king-of-beasts\/\">LEO \u2013 The Ultimate Encyclopedia of the King of Beasts<\/a>\r\n            <\/div>\r\n    <div class=\"element element_2  excerpt \">\r\n        Imagine: A majestic work that brings the fascinating world of the lion (Panthera leo) to life on 560 pages \u2013            <\/div>\r\n            <a class=\"element element_3  read_more \"\r\n            target=\"\"\r\n            href=\"https:\/\/atelierkaymak.de\/wp\/buch\/leo-the-ultimate-encyclopedia-of-the-king-of-beasts\/\"><\/a>\r\n      <\/div>\n    <\/div>\n  <\/div><div class=\"item item-448 skin flat odd 11 \">\n        <div class=\"layer-wrapper layout-\">\n        <div class=\"layer-media\"><\/div>\n  <div class=\"layer-content\">\n        <div\r\n        class=\"element element_0  element-media \">\r\n        <a target=\"_self\" href=\"https:\/\/atelierkaymak.de\/wp\/buch\/leo-die-ultimative-enzyklopaedie-ueber-den-koenig-der-tiere\/\"><img loading=\"lazy\" decoding=\"async\" width=\"587\" height=\"1000\" src=\"https:\/\/atelierkaymak.de\/wp\/wp-content\/uploads\/2026\/03\/Leo-3d-de-1000.webp\" class=\"attachment-large size-large wp-post-image\" alt=\"Cover LEO - K\u00f6nig der L\u00f6wen\" \/><\/a>    <\/div>\r\n    <div class=\"element element_1  title_link \">\r\n                    <a target=\"\"\r\n                href=\"https:\/\/atelierkaymak.de\/wp\/buch\/leo-die-ultimative-enzyklopaedie-ueber-den-koenig-der-tiere\/\">LEO \u2013 Die ultimative Enzyklop\u00e4die \u00fcber den K\u00f6nig der Tiere<\/a>\r\n            <\/div>\r\n    <div class=\"element element_2  excerpt \">\r\n        Stellen Sie sich vor: Ein majest\u00e4tisches Werk, das die faszinierende Welt des L\u00f6wen (Panthera leo) auf 560 Seiten zum Leben            <\/div>\r\n            <a class=\"element element_3  read_more \"\r\n            target=\"\"\r\n            href=\"https:\/\/atelierkaymak.de\/wp\/buch\/leo-die-ultimative-enzyklopaedie-ueber-den-koenig-der-tiere\/\"><\/a>\r\n      <\/div>\n    <\/div>\n  <\/div>    <\/div>\n    <div class=\"pagination\">\n      <div class=\"paginate\">\n    <span aria-current=\"page\" class=\"page-numbers current\">1<\/span>\n<a class=\"page-numbers\" href=\"https:\/\/atelierkaymak.de\/wp\/wp-json\/wp\/v2\/pages\/260\/page\/2\/\">2<\/a>\n<a class=\"next page-numbers\" href=\"https:\/\/atelierkaymak.de\/wp\/wp-json\/wp\/v2\/pages\/260\/page\/2\/\">Next \u00bb<\/a>  <\/div>\n  <style type=\"text\/css\">\n    #post-grid-399 .pagination .page-numbers {\n      font-size: 16px;\n      color: #fff;\n      background: #646464;\n    }\n\n    #post-grid-399 .pagination .page-numbers:hover,\n    #post-grid-399 .pagination .page-numbers.current {\n      background: #4b4b4b;\n    }\n  <\/style>\n  <\/div>\n      <script>\n          jQuery('#post-grid-399').ready(function($) {\n        var $container = $('#post-grid-399  .grid-items');\n        $container.masonry({\n          itemSelector: '.item',\n          columnWidth: '.item', \/\/as you wish , you can use numeric\n          isAnimated: true,\n          isFitWidth: true,\n          horizontalOrder: true,\n          gutter: 20,\n          percentPosition: true,\n        });\n        $container.imagesLoaded().done(function() {\n          $container.masonry('layout');\n        });\n      })\n          <\/script>\n    <style type=\"text\/css\">\n    #post-grid-399 .element_0 {\n      display: block;font-size: 21px;line-height: normal;padding: 5px 10px;text-align: left; text-decoration: none;    }\n\n    #post-grid-399 .element_1 {\n      display: block;font-size: 21px;line-height: normal;padding: 5px 10px;text-align: left; text-decoration: none;    }\n\n    #post-grid-399 .element_2 {\n      display: block;font-size: 14px;padding: 5px 10px;text-align: left;    }\n\n    #post-grid-399 .element_3 {\n      display: block;font-size: 12px;font-weight: bold;padding: 0 10px;text-align: left;text-decoration: none;    }\n\n    #post-grid-399 .element_0:hover{}#post-grid-399 .element_1:hover{}#post-grid-399 .element_2:hover{}#post-grid-399 .element_3:hover{}  <\/style>\n  <style type=\"text\/css\">\n    #post-grid-399 {\n      overflow: hidden;\n      box-sizing: border-box;\n          }\n\n    #post-grid-399 .grid-items {\n      box-sizing: border-box;\n    }\n\n    #post-grid-399 .item {\n      margin-bottom: 20px;\n    }\n\n    #post-grid-399 .layer-wrapper {\n      background: #fff;\n      padding: 0px;\n    }\n\n    #post-grid-399 .item .layer-media {\n      overflow: hidden;\n      height:auto;    }\n\n    @media only screen and (min-width: 0px) and (max-width: 767px) {\n      #post-grid-399 .item {\n        width: calc((100% - 0px) \/ 1);\n        height:auto;      }\n    }\n\n    @media only screen and (min-width: 768px) and (max-width: 1023px) {\n      #post-grid-399 .item {\n        width: calc((100% - 20px) \/ 2);\n        max-height:auto;      }\n    }\n\n    @media only screen and (min-width: 1024px) {\n      #post-grid-399 .item {\n        width: calc((100% - 40px) \/ 3);\n        height:auto;      }\n    }\n\n    #post-grid-399 .nav-filter .filter {\n      font-size: 14px;\n      color: #999;\n      background: #fff;\n      margin: 5px;\n    }\n\n    #post-grid-399 .nav-filter .filter:hover,\n    #post-grid-399 .nav-filter .filter.mixitup-control-active {\n      background: #ddd;\n    }\n\n    .post-grid .grid-nav-top .nav-filter {\n      text-align: center;\n      padding: 20px 0;\n    }\n\n    .filter-group {\n      display: inline-block;\n      margin: 10px;\n    }\n\n    .post-grid .nav-filter .filter {\n      background: rgba(220, 220, 220, 0.3) none repeat scroll 0 0;\n      color: #333;\n      cursor: pointer;\n      display: inline-block;\n      font-size: 14px;\n      margin: 5px 5px;\n      padding: 3px 15px;\n    }\n  <\/style>\n  <\/div>\n\n","protected":false},"excerpt":{"rendered":"","protected":false},"author":1,"featured_media":0,"parent":0,"menu_order":0,"comment_status":"closed","ping_status":"closed","template":"","meta":{"footnotes":""},"class_list":["post-260","page","type-page","status-publish","hentry"],"_links":{"self":[{"href":"https:\/\/atelierkaymak.de\/wp\/wp-json\/wp\/v2\/pages\/260","targetHints":{"allow":["GET"]}}],"collection":[{"href":"https:\/\/atelierkaymak.de\/wp\/wp-json\/wp\/v2\/pages"}],"about":[{"href":"https:\/\/atelierkaymak.de\/wp\/wp-json\/wp\/v2\/types\/page"}],"author":[{"embeddable":true,"href":"https:\/\/atelierkaymak.de\/wp\/wp-json\/wp\/v2\/users\/1"}],"replies":[{"embeddable":true,"href":"https:\/\/atelierkaymak.de\/wp\/wp-json\/wp\/v2\/comments?post=260"}],"version-history":[{"count":21,"href":"https:\/\/atelierkaymak.de\/wp\/wp-json\/wp\/v2\/pages\/260\/revisions"}],"predecessor-version":[{"id":400,"href":"https:\/\/atelierkaymak.de\/wp\/wp-json\/wp\/v2\/pages\/260\/revisions\/400"}],"wp:attachment":[{"href":"https:\/\/atelierkaymak.de\/wp\/wp-json\/wp\/v2\/media?parent=260"}],"curies":[{"name":"wp","href":"https:\/\/api.w.org\/{rel}","templated":true}]}}